{"id":3065,"date":"2024-01-08T15:10:44","date_gmt":"2024-01-08T14:10:44","guid":{"rendered":"http:\/\/comptoirdesetoiles.fr\/?page_id=3065"},"modified":"2024-01-10T09:37:04","modified_gmt":"2024-01-10T08:37:04","slug":"les-prestations-du-comptoir-des-etoiles","status":"publish","type":"page","link":"http:\/\/comptoirdesetoiles.fr\/index.php\/les-prestations-du-comptoir-des-etoiles\/","title":{"rendered":"Que puis-je pour vous ?"},"content":{"rendered":"\n<p>Faire  appel au Comptoir des Etoiles, c&#8217;est  :<br>&#8211;  disposer d&#8217;un <strong>large panel d&#8217;animations et activit\u00e9s<\/strong> couvrant un vaste spectre de l&#8217;astronomie et m\u00eame des sciences,<br>&#8211;  b\u00e9n\u00e9ficier d&#8217;une <strong>activit\u00e9 adapt\u00e9e au public<\/strong>, quel que soit son \u00e2ge et ses connaissances scientifiques,<br>&#8211;  profiter d&#8217;activit\u00e9s li\u00e9es \u00e0 l&#8217;astronomie, pendant <strong>une heure, une journ\u00e9e ou sur une semaine compl\u00e8te<\/strong>,<br>&#8211;  trouver des solutions pour proposer des activit\u00e9s aux <strong>personnes handicap\u00e9es<\/strong>, quel que soit le handicap,<br>&#8211;  intervenir dans des <strong>lieux o\u00f9 la science n&#8217;est plus forc\u00e9ment une priorit\u00e9<\/strong> (centre de d\u00e9tention, Ephad, h\u00f4pitaux, etc.),<br>&#8211;  ramener, pour une dur\u00e9e donn\u00e9e, un petit bout d&#8217;espace et des \u00e9toiles <strong>partout<\/strong>, <strong>tout-le-temps<\/strong>, et pour <strong>tout-le-monde<\/strong>.<\/p>\n\n\n\n<h2 class=\"wp-block-heading\">Prestations propos\u00e9es<\/h2>\n\n\n\n<p>Les <strong>prestations <\/strong>propos\u00e9es sont diverses et vari\u00e9es en fonction du public, des objectifs, du temps et de l&#8217;espace disponibles :<br>&#8211;  <strong>soir\u00e9es <\/strong>d&#8217;observations,<br>&#8211;  s\u00e9ances de <strong>plan\u00e9tarium<\/strong>,<br>&#8211;  observations du <strong>Soleil<\/strong>,<br>&#8211;  <strong>conf\u00e9rences<\/strong>,<br>&#8211;  <strong>activit\u00e9s et exp\u00e9riences <\/strong>scientifiques,<br>&#8211;  fabrication et lancement de <strong>micro fus\u00e9es<\/strong> ou de <strong>fus\u00e9es \u00e0 eau<\/strong>,<br>&#8211;  <strong>jeux <\/strong>et <strong>animations <\/strong>autour de l&#8217;astronomie et des sciences.<\/p>\n\n\n\n<p><\/p>\n\n\n\n<p><\/p>\n","protected":false},"excerpt":{"rendered":"<p>Faire appel au Comptoir des Etoiles, c&#8217;est :&#8211; disposer d&#8217;un large panel d&#8217;animations et activit\u00e9s couvrant un vaste spectre de l&#8217;astronomie et m\u00eame des sciences,&#8211; b\u00e9n\u00e9ficier d&#8217;une activit\u00e9 adapt\u00e9e au public, quel que soit son \u00e2ge et ses connaissances scientifiques,&#8211; profiter d&#8217;activit\u00e9s li\u00e9es \u00e0 l&#8217;astronomie, pendant une heure, une journ\u00e9e ou sur une semaine compl\u00e8te,&#8211; trouver des solutions pour proposer [&#8230;]<\/p>\n","protected":false},"author":1,"featured_media":0,"parent":0,"menu_order":0,"comment_status":"closed","ping_status":"closed","template":"","meta":{"footnotes":""},"class_list":["post-3065","page","type-page","status-publish","hentry"],"_links":{"self":[{"href":"http:\/\/comptoirdesetoiles.fr\/index.php\/wp-json\/wp\/v2\/pages\/3065","targetHints":{"allow":["GET"]}}],"collection":[{"href":"http:\/\/comptoirdesetoiles.fr\/index.php\/wp-json\/wp\/v2\/pages"}],"about":[{"href":"http:\/\/comptoirdesetoiles.fr\/index.php\/wp-json\/wp\/v2\/types\/page"}],"author":[{"embeddable":true,"href":"http:\/\/comptoirdesetoiles.fr\/index.php\/wp-json\/wp\/v2\/users\/1"}],"replies":[{"embeddable":true,"href":"http:\/\/comptoirdesetoiles.fr\/index.php\/wp-json\/wp\/v2\/comments?post=3065"}],"version-history":[{"count":6,"href":"http:\/\/comptoirdesetoiles.fr\/index.php\/wp-json\/wp\/v2\/pages\/3065\/revisions"}],"predecessor-version":[{"id":3084,"href":"http:\/\/comptoirdesetoiles.fr\/index.php\/wp-json\/wp\/v2\/pages\/3065\/revisions\/3084"}],"wp:attachment":[{"href":"http:\/\/comptoirdesetoiles.fr\/index.php\/wp-json\/wp\/v2\/media?parent=3065"}],"curies":[{"name":"wp","href":"https:\/\/api.w.org\/{rel}","templated":true}]}}