{"id":3031,"date":"2023-12-12T20:00:14","date_gmt":"2023-12-12T19:00:14","guid":{"rendered":"http:\/\/comptoirdesetoiles.fr\/?page_id=3031"},"modified":"2024-07-17T16:56:27","modified_gmt":"2024-07-17T14:56:27","slug":"reservations-et-tarifs","status":"publish","type":"page","link":"http:\/\/comptoirdesetoiles.fr\/index.php\/reservations-et-tarifs\/","title":{"rendered":"R\u00e9servations et tarifs"},"content":{"rendered":"\n<p>Vous souhaiteriez&nbsp;:<br>\u2013 faire une&nbsp;<strong>visite d\u00e9couverte guid\u00e9e du ciel<\/strong>, au gr\u00e9 des constellations et des astres, \u00e0 l\u2019\u0153il nu et\/ou avec des instruments,<br>\u2013 observer un&nbsp;<strong>ph\u00e9nom\u00e8ne astronomique (occultation, \u00e9toiles filantes, \u00e9clipse, transit)<\/strong>&nbsp;ou des&nbsp;<strong>objets astronomiques (plan\u00e8tes, galaxies, n\u00e9buleuses, amas stellaires, Soleil)<\/strong>&nbsp;particuliers,<br>\u2013&nbsp;<strong>organiser une soir\u00e9e ou des pr\u00e9sentations<\/strong>&nbsp;sur un th\u00e8me astronomique au sein d\u2019un \u00e9tablissement scolaire (\u00e9cole, coll\u00e8ge, lyc\u00e9e, universit\u00e9), d\u2019un institut (maison de quartier, foyer senior, institut sp\u00e9cialis\u00e9, etc.), d\u2019une entreprise ou d\u2019un \u00e9v\u00e9nement (anniversaire, etc.) ?<\/p>\n\n\n\n<p>Les tarifs pour une soir\u00e9e, nuit ou demi-journ\u00e9e d\u2019observation&nbsp;sont&nbsp;<strong>libres et fonction des ressources de chacun<\/strong>, et de la valeur que chacun attribuera \u00e0 la prestation donn\u00e9e.<\/p>\n\n\n\n<p><strong>A titre indicatif<\/strong>, les&nbsp;<strong>tarifs<\/strong>&nbsp;propos\u00e9s sont les suivants :<\/p>\n\n\n\n<ul class=\"wp-block-list\">\n<li><strong>Matin\u00e9e\/soir\u00e9e d\u2019observation<\/strong>\u00a0(dur\u00e9e : environ 3 h, groupe de 1 \u00e0 5 personnes) : 120 \u20ac<\/li>\n\n\n\n<li><strong>Nuit d\u2019observation<\/strong>\u00a0(dur\u00e9e : environ 7 h, groupe de 1 \u00e0 5 personnes) : 300 \u20ac<\/li>\n\n\n\n<li><strong>Observation du Soleil<\/strong>\u00a0(groupe de 1 \u00e0 5 personnes) : 70 \u20ac<\/li>\n<\/ul>\n\n\n\n<ul class=\"wp-block-list\">\n<li><strong>Adulte suppl\u00e9mentaire<\/strong>\u00a0(si groupe sup\u00e9rieur \u00e0 5 personnes) : +15 \u20ac (matin\u00e9e\/soir\u00e9e)\/+25 \u20ac (nuit)\/ +8 \u20ac (Soleil)<\/li>\n\n\n\n<li><strong>Enfant, \u00e9tudiant, tarif r\u00e9duit suppl\u00e9mentaire<\/strong>\u00a0(si groupe sup\u00e9rieur \u00e0 5 personnes) : +9 \u20ac (matin\u00e9e\/soir\u00e9e)\/+18 \u20ac (nuit)\/ +5 \u20ac (Soleil)<\/li>\n<\/ul>\n\n\n\n<ul class=\"wp-block-list\">\n<li><strong>Groupes, soir\u00e9es \u00e0 th\u00e8me, comit\u00e9s d\u2019entreprise, collectivit\u00e9s<\/strong>&nbsp;:<br>Contactez-nous pour avoir de plus amples informations sur nos tarifs de groupes !<\/li>\n\n\n\n<li><strong>Ph\u00e9nom\u00e8ne astronomique particulier, soir\u00e9e \u00e0 domicile<\/strong>&nbsp;:<br>Base des tarifs variables (en fonction de la distance, de la logistique et du mat\u00e9riel \u00e0 utiliser).<\/li>\n<\/ul>\n\n\n\n<p>N\u2019h\u00e9sitez pas \u00e0 nous&nbsp;<strong>contacter<\/strong>&nbsp;pour plus d\u2019<strong>informations<\/strong>&nbsp;et pour&nbsp;<strong>r\u00e9servations<\/strong>&nbsp;:<br>\u2013 par t\u00e9l\u00e9phone, au 07-77-06-22-41<br>\u2013 ou par&nbsp;<a href=\"mailto:comptoir_etoiles@proton.me\">e-mail<\/a><\/p>\n","protected":false},"excerpt":{"rendered":"<p>Vous souhaiteriez&nbsp;:\u2013 faire une&nbsp;visite d\u00e9couverte guid\u00e9e du ciel, au gr\u00e9 des constellations et des astres, \u00e0 l\u2019\u0153il nu et\/ou avec des instruments,\u2013 observer un&nbsp;ph\u00e9nom\u00e8ne astronomique (occultation, \u00e9toiles filantes, \u00e9clipse, transit)&nbsp;ou des&nbsp;objets astronomiques (plan\u00e8tes, galaxies, n\u00e9buleuses, amas stellaires, Soleil)&nbsp;particuliers,\u2013&nbsp;organiser une soir\u00e9e ou des pr\u00e9sentations&nbsp;sur un th\u00e8me astronomique au sein d\u2019un \u00e9tablissement scolaire (\u00e9cole, coll\u00e8ge, lyc\u00e9e, universit\u00e9), d\u2019un institut (maison de quartier, [&#8230;]<\/p>\n","protected":false},"author":1,"featured_media":0,"parent":0,"menu_order":0,"comment_status":"closed","ping_status":"closed","template":"","meta":{"footnotes":""},"class_list":["post-3031","page","type-page","status-publish","hentry"],"_links":{"self":[{"href":"http:\/\/comptoirdesetoiles.fr\/index.php\/wp-json\/wp\/v2\/pages\/3031","targetHints":{"allow":["GET"]}}],"collection":[{"href":"http:\/\/comptoirdesetoiles.fr\/index.php\/wp-json\/wp\/v2\/pages"}],"about":[{"href":"http:\/\/comptoirdesetoiles.fr\/index.php\/wp-json\/wp\/v2\/types\/page"}],"author":[{"embeddable":true,"href":"http:\/\/comptoirdesetoiles.fr\/index.php\/wp-json\/wp\/v2\/users\/1"}],"replies":[{"embeddable":true,"href":"http:\/\/comptoirdesetoiles.fr\/index.php\/wp-json\/wp\/v2\/comments?post=3031"}],"version-history":[{"count":4,"href":"http:\/\/comptoirdesetoiles.fr\/index.php\/wp-json\/wp\/v2\/pages\/3031\/revisions"}],"predecessor-version":[{"id":3114,"href":"http:\/\/comptoirdesetoiles.fr\/index.php\/wp-json\/wp\/v2\/pages\/3031\/revisions\/3114"}],"wp:attachment":[{"href":"http:\/\/comptoirdesetoiles.fr\/index.php\/wp-json\/wp\/v2\/media?parent=3031"}],"curies":[{"name":"wp","href":"https:\/\/api.w.org\/{rel}","templated":true}]}}