{"id":3029,"date":"2023-12-12T19:59:33","date_gmt":"2023-12-12T18:59:33","guid":{"rendered":"http:\/\/comptoirdesetoiles.fr\/?page_id=3029"},"modified":"2023-12-12T20:51:56","modified_gmt":"2023-12-12T19:51:56","slug":"abonnez-vous-aux-alertes-astronomiques","status":"publish","type":"page","link":"http:\/\/comptoirdesetoiles.fr\/index.php\/abonnez-vous-aux-alertes-astronomiques\/","title":{"rendered":"Abonnez-vous aux alertes astronomiques !"},"content":{"rendered":"\n<p>Malgr\u00e9 les progr\u00e8s de la science et des mod\u00e9lisations, il arrive encore (et heureusement !) que la nature nous r\u00e9serve des surprises, et que des \u00e9v\u00e9nements inattendus surviennent, g\u00e9n\u00e9ralement au moment o\u00f9 l\u2019on s\u2019y attendait le moins ! Les sursauts d\u2019activit\u00e9 d\u2019\u00e9toiles filantes, les passages rapproch\u00e9s d\u2019ast\u00e9ro\u00efdes, les aurores bor\u00e9ales, par exemple, surprennent parfois les observateurs !<\/p>\n\n\n\n<p>Et comme il serait dommage, si un tel spectacle venait \u00e0 arriver, que tout-le-monde ne puisse pas en profiter, le Comptoir des \u00c9toiles met en place un syst\u00e8me d\u2019alertes astronomiques : ce dernier n\u2019est pas infaillible, bien \u00e9videmment, mais il serait tout-de-m\u00eame dommage de manquer une aurore bor\u00e9ale parce que vous ne le saviez pas, et qu\u2019il vous suffisait d\u2019ouvrir la porte et d\u2019aller dans le jardin, non ?&nbsp;<\/p>\n\n\n\n<p>Pour y souscrire, rien de plus simple ! Il suffit de remplir le formulaire ci-dessous, et vous recevrez un message confirmant votre inscription. Vous pouvez s\u00e9lectionner votre niveau d\u2019alerte : des \u00e9v\u00e9nements exceptionnels et impr\u00e9vus uniquement, aux alertes pour tous les ph\u00e9nom\u00e8nes astronomiques \u00e0 observer, m\u00eame ceux pr\u00e9vus 100 ans \u00e0 l\u2019avance (ce qui peut toujours servir pour \u00eatre s\u00fbr de ne pas oublier) !<\/p>\n\n\n\n<p><\/p>\n\n\n<div class=\"wpforms-container wpforms-container-full wpforms-block wpforms-block-986aa7aa-f3e4-4ac1-88c9-ad747ea716a8 wpforms-render-modern\" id=\"wpforms-3040\"><form id=\"wpforms-form-3040\" class=\"wpforms-validate wpforms-form wpforms-ajax-form\" data-formid=\"3040\" method=\"post\" enctype=\"multipart\/form-data\" action=\"\/index.php\/wp-json\/wp\/v2\/pages\/3029\" data-token=\"87cf3e6a9ae4fb6a2bc8f38000e0f67d\" data-token-time=\"1776253419\"><noscript class=\"wpforms-error-noscript\">Please enable JavaScript in your browser to complete this form.<\/noscript><div id=\"wpforms-error-noscript\" style=\"display: none;\">Please enable JavaScript in your browser to complete this form.<\/div><div class=\"wpforms-field-container\"><div id=\"wpforms-3040-field_1-container\" class=\"wpforms-field wpforms-field-text\" data-field-id=\"1\"><label class=\"wpforms-field-label\" for=\"wpforms-3040-field_1\">Nom (obligatoire)<\/label><input type=\"text\" id=\"wpforms-3040-field_1\" class=\"wpforms-field-medium\" name=\"wpforms[fields][1]\" aria-errormessage=\"wpforms-3040-field_1-error\" ><\/div><div id=\"wpforms-3040-field_2-container\" class=\"wpforms-field wpforms-field-text\" data-field-id=\"2\"><label class=\"wpforms-field-label\" for=\"wpforms-3040-field_2\">Adresse e-mail (obligatoire)<\/label><input type=\"text\" id=\"wpforms-3040-field_2\" class=\"wpforms-field-medium\" name=\"wpforms[fields][2]\" aria-errormessage=\"wpforms-3040-field_2-error\" ><\/div><div id=\"wpforms-3040-field_3-container\" class=\"wpforms-field wpforms-field-text\" data-field-id=\"3\"><label class=\"wpforms-field-label\" for=\"wpforms-3040-field_3\">Num\u00e9ro de t\u00e9l\u00e9phone (obligatoire)<\/label><input type=\"text\" id=\"wpforms-3040-field_3\" class=\"wpforms-field-medium\" name=\"wpforms[fields][3]\" aria-errormessage=\"wpforms-3040-field_3-error\" ><\/div><div id=\"wpforms-3040-field_6-container\" class=\"wpforms-field wpforms-field-radio\" data-field-id=\"6\"><fieldset><legend class=\"wpforms-field-label\">Niveau d&#039;alerte<\/legend><ul id=\"wpforms-3040-field_6\"><li class=\"choice-1 depth-1\"><input type=\"radio\" id=\"wpforms-3040-field_6_1\" name=\"wpforms[fields][6]\" value=\"\u00c9lev\u00e9 (uniquement les \u00e9v\u00e9nements exceptionnels)\" aria-errormessage=\"wpforms-3040-field_6_1-error\"  ><label class=\"wpforms-field-label-inline\" for=\"wpforms-3040-field_6_1\">\u00c9lev\u00e9 (uniquement les \u00e9v\u00e9nements exceptionnels)<\/label><\/li><li class=\"choice-2 depth-1\"><input type=\"radio\" id=\"wpforms-3040-field_6_2\" name=\"wpforms[fields][6]\" value=\"Moyen (\u00e9v\u00e9nements accessibles \u00e0 l\u2019\u0153il nu ou avec une petite paire de jumelles)\" aria-errormessage=\"wpforms-3040-field_6_2-error\"  ><label class=\"wpforms-field-label-inline\" for=\"wpforms-3040-field_6_2\">Moyen (\u00e9v\u00e9nements accessibles \u00e0 l\u2019\u0153il nu ou avec une petite paire de jumelles)<\/label><\/li><li class=\"choice-3 depth-1\"><input type=\"radio\" id=\"wpforms-3040-field_6_3\" name=\"wpforms[fields][6]\" value=\"Faible (tous les \u00e9v\u00e9nements astronomiques d&#039;int\u00e9r\u00eat accessibles avec un instrument d&#039;astronomie)\" aria-errormessage=\"wpforms-3040-field_6_3-error\"  ><label class=\"wpforms-field-label-inline\" for=\"wpforms-3040-field_6_3\">Faible (tous les \u00e9v\u00e9nements astronomiques d&#8217;int\u00e9r\u00eat accessibles avec un instrument d&#8217;astronomie)<\/label><\/li><\/ul><\/fieldset><\/div><div id=\"wpforms-3040-field_5-container\" class=\"wpforms-field wpforms-field-radio\" data-field-id=\"5\"><fieldset><legend class=\"wpforms-field-label\">Application de messagerie<\/legend><ul id=\"wpforms-3040-field_5\"><li class=\"choice-2 depth-1\"><input type=\"radio\" id=\"wpforms-3040-field_5_2\" name=\"wpforms[fields][5]\" value=\"WhatsApp\" aria-errormessage=\"wpforms-3040-field_5_2-error\"  ><label class=\"wpforms-field-label-inline\" for=\"wpforms-3040-field_5_2\">WhatsApp<\/label><\/li><li class=\"choice-3 depth-1\"><input type=\"radio\" id=\"wpforms-3040-field_5_3\" name=\"wpforms[fields][5]\" value=\"Signal\" aria-errormessage=\"wpforms-3040-field_5_3-error\"  ><label class=\"wpforms-field-label-inline\" for=\"wpforms-3040-field_5_3\">Signal<\/label><\/li><li class=\"choice-4 depth-1\"><input type=\"radio\" id=\"wpforms-3040-field_5_4\" name=\"wpforms[fields][5]\" value=\"Telegram\" aria-errormessage=\"wpforms-3040-field_5_4-error\"  ><label class=\"wpforms-field-label-inline\" for=\"wpforms-3040-field_5_4\">Telegram<\/label><\/li><\/ul><\/fieldset><\/div><\/div><!-- .wpforms-field-container --><div class=\"wpforms-submit-container\" ><input type=\"hidden\" name=\"wpforms[id]\" value=\"3040\"><input type=\"hidden\" name=\"page_title\" value=\"\"><input type=\"hidden\" name=\"page_url\" value=\"http:\/\/comptoirdesetoiles.fr\/index.php\/wp-json\/wp\/v2\/pages\/3029\"><input type=\"hidden\" name=\"url_referer\" value=\"\"><button type=\"submit\" name=\"wpforms[submit]\" id=\"wpforms-submit-3040\" class=\"wpforms-submit\" data-alt-text=\"Envoi en cours...\" data-submit-text=\"S&#039;inscrire aux alertes !\" aria-live=\"assertive\" value=\"wpforms-submit\">S&#039;inscrire aux alertes !<\/button><img loading=\"lazy\" decoding=\"async\" src=\"http:\/\/comptoirdesetoiles.fr\/wp-content\/plugins\/wpforms-lite\/assets\/images\/submit-spin.svg\" class=\"wpforms-submit-spinner\" style=\"display: none;\" width=\"26\" height=\"26\" alt=\"Loading\"><\/div><\/form><\/div>  <!-- .wpforms-container -->","protected":false},"excerpt":{"rendered":"<p>Malgr\u00e9 les progr\u00e8s de la science et des mod\u00e9lisations, il arrive encore (et heureusement !) que la nature nous r\u00e9serve des surprises, et que des \u00e9v\u00e9nements inattendus surviennent, g\u00e9n\u00e9ralement au moment o\u00f9 l\u2019on s\u2019y attendait le moins ! Les sursauts d\u2019activit\u00e9 d\u2019\u00e9toiles filantes, les passages rapproch\u00e9s d\u2019ast\u00e9ro\u00efdes, les aurores bor\u00e9ales, par exemple, surprennent parfois les observateurs ! Et comme il [&#8230;]<\/p>\n","protected":false},"author":1,"featured_media":0,"parent":0,"menu_order":0,"comment_status":"closed","ping_status":"closed","template":"","meta":{"footnotes":""},"class_list":["post-3029","page","type-page","status-publish","hentry"],"_links":{"self":[{"href":"http:\/\/comptoirdesetoiles.fr\/index.php\/wp-json\/wp\/v2\/pages\/3029","targetHints":{"allow":["GET"]}}],"collection":[{"href":"http:\/\/comptoirdesetoiles.fr\/index.php\/wp-json\/wp\/v2\/pages"}],"about":[{"href":"http:\/\/comptoirdesetoiles.fr\/index.php\/wp-json\/wp\/v2\/types\/page"}],"author":[{"embeddable":true,"href":"http:\/\/comptoirdesetoiles.fr\/index.php\/wp-json\/wp\/v2\/users\/1"}],"replies":[{"embeddable":true,"href":"http:\/\/comptoirdesetoiles.fr\/index.php\/wp-json\/wp\/v2\/comments?post=3029"}],"version-history":[{"count":3,"href":"http:\/\/comptoirdesetoiles.fr\/index.php\/wp-json\/wp\/v2\/pages\/3029\/revisions"}],"predecessor-version":[{"id":3045,"href":"http:\/\/comptoirdesetoiles.fr\/index.php\/wp-json\/wp\/v2\/pages\/3029\/revisions\/3045"}],"wp:attachment":[{"href":"http:\/\/comptoirdesetoiles.fr\/index.php\/wp-json\/wp\/v2\/media?parent=3029"}],"curies":[{"name":"wp","href":"https:\/\/api.w.org\/{rel}","templated":true}]}}