{"id":3027,"date":"2023-12-12T19:58:25","date_gmt":"2023-12-12T18:58:25","guid":{"rendered":"http:\/\/comptoirdesetoiles.fr\/?page_id=3027"},"modified":"2024-01-10T10:01:44","modified_gmt":"2024-01-10T09:01:44","slug":"quest-ce-que-le-comptoir-des-etoiles","status":"publish","type":"page","link":"http:\/\/comptoirdesetoiles.fr\/index.php\/quest-ce-que-le-comptoir-des-etoiles\/","title":{"rendered":"Le Comptoir des Etoiles : qu\u00e8saco ?"},"content":{"rendered":"\n<p>Localis\u00e9 \u00e0 Manosque, dans les\u00a0<strong>Alpes-de-Haute-Provence<\/strong>, le Comptoir des \u00c9toiles organise et r\u00e9alise des\u00a0<strong>s<\/strong><a href=\"http:\/\/comptoirdesetoiles.fr\/index.php\/les-prestations-du-comptoir-des-etoiles\/\" data-type=\"page\" data-id=\"3065\"><strong>essions d\u2019observation<\/strong>, des s\u00e9ances de plan\u00e9tarium, des\u00a0<strong>animations et activit\u00e9s <\/strong>diverses et vari\u00e9es ainsi que des <strong>conf\u00e9rences <\/strong>sur l&#8217;astronomie et les sciences<\/a>, \u00e0 la demande, partout et pour tous, avec un seul objectif : rendre\u00a0<strong>populaire<\/strong>\u00a0et\u00a0<strong>accessible<\/strong>\u00a0\u00e0 tous l\u2019astronomie, l\u2019observation du ciel et la science en g\u00e9n\u00e9ral ! Dans cet objectif, il dispose de mat\u00e9riel astronomique\u00a0<strong>mobile<\/strong>\u00a0qui permet d\u2019observer,\u00a0<strong>de jour comme de nuit<\/strong>, dans les endroits les plus adapt\u00e9s en fonction des possibilit\u00e9s, des conditions, des \u00e9v\u00e9nements c\u00e9lestes et des envies !<\/p>\n\n\n\n<p>L\u2019un des objectifs du Comptoir des \u00c9toiles et de faire r\u00eaver autour de l\u2019astronomie les publics qui ont pu en \u00eatre \u00e9loign\u00e9s. Mais il est aussi l\u00e0 pour tout-le-monde, quelles que soient les envies de chacun !<\/p>\n\n\n\n<p>Le Comptoir des \u00c9toiles peut donc intervenir aupr\u00e8s des&nbsp;<strong>particuliers<\/strong>&nbsp;(\u00e0 domicile, ou sur le lieu de leur choix), pour une soir\u00e9e \u00e0 la demande, mais \u00e9galement aupr\u00e8s des&nbsp;<strong>scolaires<\/strong>&nbsp;(animations, d\u00e9couverte de l\u2019astronomie, conf\u00e9rences, TAPs, soir\u00e9es d\u2019observation, etc.) ou des&nbsp;<strong>structures<\/strong>&nbsp;(Maison de Quartier, Foyers Senior, Centre de D\u00e9tention, MJC, H\u00f4pitaux, Centres A\u00e9r\u00e9s, Colonies de Vacances, etc.) et des&nbsp;<strong>associations<\/strong>. N\u2019h\u00e9sitez donc pas \u00e0 nous contacter si vous avez un&nbsp;<strong>projet \u00e9ducatif<\/strong>&nbsp;dans lequel des animations\/activit\u00e9s du Comptoir des \u00c9toiles pourraient s\u2019inscrire !<\/p>\n\n\n\n<p>Le Comptoir des \u00c9toiles peut se d\u00e9placer n\u2019importe o\u00f9 dans le&nbsp;<strong>Sud-Est de la France<\/strong>&nbsp;(ou plus loin pour des \u00e9v\u00e9nements astronomiques ou une m\u00e9t\u00e9o le n\u00e9cessitant), en fonction des envies des personnes, de la m\u00e9t\u00e9o, et pour trouver les conditions d\u2019observations les plus propices !<\/p>\n\n\n\n<p>N\u2019h\u00e9sitez donc pas \u00e0 nous\u00a0<strong>contacter<\/strong>\u00a0par t\u00e9l\u00e9phone ou par <a href=\"mailto:comptoir_etoiles@proton.me\">e-mail<\/a> si vous voulez en savoir plus ou si vous voulez observer. Et \u00e0 venir rendre visite r\u00e9guli\u00e8rement au site Internet, nous suivre sur\u00a0<a href=\"https:\/\/www.facebook.com\/comptoirdesetoiles\">Facebook<\/a>,\u00a0<a href=\"https:\/\/www.linkedin.com\/in\/karl-antier-a3028aa0\/\">LinkedIn<\/a>\u00a0ou vous\u00a0<a href=\"http:\/\/comptoirdesetoiles.fr\/index.php\/abonnez-vous-aux-alertes-astronomiques\/\" data-type=\"page\" data-id=\"3029\">abonner aux alertes astronomiques par SMS<\/a>\u00a0pour\u00a0<strong>recevoir les alertes astronomiques<\/strong>\u00a0(aurores bor\u00e9ales, pluies d\u2019\u00e9toiles filantes, \u00e9ruption solaire ou autre \u00e9v\u00e9nement inattendu) et \u00eatre au courant en continu de ce qui se passe dans le ciel.<\/p>\n\n\n\n<p>Pour nous joindre et nous suivre :<\/p>\n\n\n\n<ul class=\"wp-block-list\">\n<li>t\u00e9l\u00e9phone : 07-77-06-22-41<\/li>\n\n\n\n<li><a href=\"mailto:comptoir_etoiles@proton.me\">e-mail<\/a><\/li>\n\n\n\n<li><a href=\"https:\/\/www.facebook.com\/comptoirdesetoiles\">Facebook<\/a><\/li>\n\n\n\n<li><a href=\"https:\/\/www.linkedin.com\/in\/karl-antier-a3028aa0\/\">LinkedIn<\/a><\/li>\n<\/ul>\n","protected":false},"excerpt":{"rendered":"<p>Localis\u00e9 \u00e0 Manosque, dans les\u00a0Alpes-de-Haute-Provence, le Comptoir des \u00c9toiles organise et r\u00e9alise des\u00a0sessions d\u2019observation, des s\u00e9ances de plan\u00e9tarium, des\u00a0animations et activit\u00e9s diverses et vari\u00e9es ainsi que des conf\u00e9rences sur l&#8217;astronomie et les sciences, \u00e0 la demande, partout et pour tous, avec un seul objectif : rendre\u00a0populaire\u00a0et\u00a0accessible\u00a0\u00e0 tous l\u2019astronomie, l\u2019observation du ciel et la science en g\u00e9n\u00e9ral ! Dans cet objectif, [&#8230;]<\/p>\n","protected":false},"author":1,"featured_media":0,"parent":0,"menu_order":0,"comment_status":"closed","ping_status":"closed","template":"","meta":{"footnotes":""},"class_list":["post-3027","page","type-page","status-publish","hentry"],"_links":{"self":[{"href":"http:\/\/comptoirdesetoiles.fr\/index.php\/wp-json\/wp\/v2\/pages\/3027","targetHints":{"allow":["GET"]}}],"collection":[{"href":"http:\/\/comptoirdesetoiles.fr\/index.php\/wp-json\/wp\/v2\/pages"}],"about":[{"href":"http:\/\/comptoirdesetoiles.fr\/index.php\/wp-json\/wp\/v2\/types\/page"}],"author":[{"embeddable":true,"href":"http:\/\/comptoirdesetoiles.fr\/index.php\/wp-json\/wp\/v2\/users\/1"}],"replies":[{"embeddable":true,"href":"http:\/\/comptoirdesetoiles.fr\/index.php\/wp-json\/wp\/v2\/comments?post=3027"}],"version-history":[{"count":8,"href":"http:\/\/comptoirdesetoiles.fr\/index.php\/wp-json\/wp\/v2\/pages\/3027\/revisions"}],"predecessor-version":[{"id":3088,"href":"http:\/\/comptoirdesetoiles.fr\/index.php\/wp-json\/wp\/v2\/pages\/3027\/revisions\/3088"}],"wp:attachment":[{"href":"http:\/\/comptoirdesetoiles.fr\/index.php\/wp-json\/wp\/v2\/media?parent=3027"}],"curies":[{"name":"wp","href":"https:\/\/api.w.org\/{rel}","templated":true}]}}